{"id":3474,"date":"2024-04-21T17:23:19","date_gmt":"2024-04-21T20:23:19","guid":{"rendered":"https:\/\/dmcgroup.com.br\/contacto\/"},"modified":"2026-01-27T17:57:25","modified_gmt":"2026-01-27T20:57:25","slug":"contacto","status":"publish","type":"page","link":"https:\/\/dmcgroup.com.br\/es\/contacto\/","title":{"rendered":"Contacto"},"content":{"rendered":"<p>[et_pb_section fb_built=\u00bb1&#8243; inner_shadow=\u00bbon\u00bb _builder_version=\u00bb4.23.4&#8243; _module_preset=\u00bbdefault\u00bb background_enable_color=\u00bboff\u00bb use_background_color_gradient=\u00bbon\u00bb background_color_gradient_stops=\u00bbrgba(0,72,255,0.67) 0%|rgba(0,47,188,0.38) 99%\u00bb background_color_gradient_overlays_image=\u00bbon\u00bb background_image=\u00bbhttps:\/\/dmcgroup.com.br\/wp-content\/uploads\/2024\/04\/bg-tecnologico.png\u00bb background_position=\u00bbtop_center\u00bb background_vertical_offset=\u00bb13%\u00bb custom_padding=\u00bb||104px|||\u00bb da_disable_devices=\u00bboff|off|off\u00bb global_colors_info=\u00bb{}\u00bb da_is_popup=\u00bboff\u00bb da_exit_intent=\u00bboff\u00bb da_has_close=\u00bbon\u00bb da_alt_close=\u00bboff\u00bb da_dark_close=\u00bboff\u00bb da_not_modal=\u00bbon\u00bb da_is_singular=\u00bboff\u00bb da_with_loader=\u00bboff\u00bb da_has_shadow=\u00bbon\u00bb][et_pb_row column_structure=\u00bb1_2,1_2&#8243; _builder_version=\u00bb4.23.4&#8243; _module_preset=\u00bbdefault\u00bb custom_margin=\u00bb175px|auto||auto||\u00bb custom_padding=\u00bb5px||15px|||\u00bb global_colors_info=\u00bb{}\u00bb][et_pb_column type=\u00bb1_2&#8243; _builder_version=\u00bb4.23.4&#8243; _module_preset=\u00bbdefault\u00bb global_colors_info=\u00bb{}\u00bb][et_pb_text _builder_version=\u00bb4.27.0&#8243; _module_preset=\u00bbdefault\u00bb header_2_font=\u00bb||||||||\u00bb header_2_text_color=\u00bb#FFFFFF\u00bb header_2_font_size=\u00bb44px\u00bb custom_margin=\u00bb83px||||false|false\u00bb global_colors_info=\u00bb{}\u00bb]<\/p>\n<h2>\u00bfC\u00f3mo podemos ayudarle?<\/h2>\n<p>[\/et_pb_text][\/et_pb_column][et_pb_column type=\u00bb1_2&#8243; _builder_version=\u00bb4.23.4&#8243; _module_preset=\u00bbdefault\u00bb global_colors_info=\u00bb{}\u00bb][et_pb_contact_form captcha=\u00bboff\u00bb email=\u00bbdmc@dmcgroup.com.br\u00bb title=\u00bbContacto\u00bb custom_message=\u00bbNombre: %%Nome%%||et_pb_line_break_holder||Correo electr\u00f3nico: %%Email%%||et_pb_line_break_holder||Tel\u00e9fono: %%Telefone%%||et_pb_line_break_holder||Mensaje: %%Mensagem%%\u00bb success_message=\u00bbGracias por su mensaje. Le responderemos a la brevedad. \u00bb _builder_version=\u00bb4.27.4&#8243; _module_preset=\u00bbdefault\u00bb _unique_id=\u00bbc68a1d1f-f6fb-4eb2-a333-31215df13b42&#8243; form_field_background_color=\u00bbRGBA(255,255,255,0)\u00bb form_field_text_color=\u00bb#FFFFFF\u00bb title_text_align=\u00bbcenter\u00bb title_text_color=\u00bb#FFFFFF\u00bb background_color=\u00bbrgba(0,57,112,0.87)\u00bb custom_button=\u00bbon\u00bb button_text_size=\u00bb19px\u00bb button_text_color=\u00bb#FFFFFF\u00bb button_bg_color=\u00bb#243dff\u00bb button_border_width=\u00bb0px\u00bb button_border_radius=\u00bb24px\u00bb button_on_hover=\u00bboff\u00bb max_width=\u00bb400px\u00bb module_alignment=\u00bbcenter\u00bb custom_margin=\u00bb||||false\u00bb custom_padding=\u00bb21px|27px|21px|27px|true|true\u00bb custom_css_main_element=\u00bbborder: 1px solid white;||border-radius: 10px\u00bb custom_css_contact_button=\u00bbwidth: 100% !important;\u00bb custom_css_contact_fields=\u00bbborder: 1px solid white !important\u00bb custom_css_text_field=\u00bbborder: 1px solid white !important\u00bb border_radii=\u00bbon|24px|24px|24px|24px\u00bb global_colors_info=\u00bb{}\u00bb][et_pb_contact_field field_id=\u00bbNome\u00bb field_title=\u00bbNombre\u00bb fullwidth_field=\u00bbon\u00bb _builder_version=\u00bb4.27.4&#8243; form_field_text_color=\u00bb#FFFFFF\u00bb form_field_focus_text_color=\u00bb#FFFFFF\u00bb global_colors_info=\u00bb{}\u00bb button_text_size__hover_enabled=\u00bboff\u00bb button_one_text_size__hover_enabled=\u00bboff\u00bb button_two_text_size__hover_enabled=\u00bboff\u00bb button_text_color__hover_enabled=\u00bboff\u00bb button_one_text_color__hover_enabled=\u00bboff\u00bb button_two_text_color__hover_enabled=\u00bboff\u00bb button_border_width__hover_enabled=\u00bboff\u00bb button_one_border_width__hover_enabled=\u00bboff\u00bb button_two_border_width__hover_enabled=\u00bboff\u00bb button_border_color__hover_enabled=\u00bboff\u00bb button_one_border_color__hover_enabled=\u00bboff\u00bb button_two_border_color__hover_enabled=\u00bboff\u00bb button_border_radius__hover_enabled=\u00bboff\u00bb button_one_border_radius__hover_enabled=\u00bboff\u00bb button_two_border_radius__hover_enabled=\u00bboff\u00bb button_letter_spacing__hover_enabled=\u00bboff\u00bb button_one_letter_spacing__hover_enabled=\u00bboff\u00bb button_two_letter_spacing__hover_enabled=\u00bboff\u00bb button_bg_color__hover_enabled=\u00bboff\u00bb button_one_bg_color__hover_enabled=\u00bboff\u00bb button_two_bg_color__hover_enabled=\u00bboff\u00bb][\/et_pb_contact_field][et_pb_contact_field field_id=\u00bbEmail\u00bb field_title=\u00bbCorreo electr\u00f3nico\u00bb field_type=\u00bbemail\u00bb fullwidth_field=\u00bbon\u00bb _builder_version=\u00bb4.27.4&#8243; form_field_text_color=\u00bb#FFFFFF\u00bb form_field_focus_text_color=\u00bb#FFFFFF\u00bb global_colors_info=\u00bb{}\u00bb button_text_size__hover_enabled=\u00bboff\u00bb button_one_text_size__hover_enabled=\u00bboff\u00bb button_two_text_size__hover_enabled=\u00bboff\u00bb button_text_color__hover_enabled=\u00bboff\u00bb button_one_text_color__hover_enabled=\u00bboff\u00bb button_two_text_color__hover_enabled=\u00bboff\u00bb button_border_width__hover_enabled=\u00bboff\u00bb button_one_border_width__hover_enabled=\u00bboff\u00bb button_two_border_width__hover_enabled=\u00bboff\u00bb button_border_color__hover_enabled=\u00bboff\u00bb button_one_border_color__hover_enabled=\u00bboff\u00bb button_two_border_color__hover_enabled=\u00bboff\u00bb button_border_radius__hover_enabled=\u00bboff\u00bb button_one_border_radius__hover_enabled=\u00bboff\u00bb button_two_border_radius__hover_enabled=\u00bboff\u00bb button_letter_spacing__hover_enabled=\u00bboff\u00bb button_one_letter_spacing__hover_enabled=\u00bboff\u00bb button_two_letter_spacing__hover_enabled=\u00bboff\u00bb button_bg_color__hover_enabled=\u00bboff\u00bb button_one_bg_color__hover_enabled=\u00bboff\u00bb button_two_bg_color__hover_enabled=\u00bboff\u00bb][\/et_pb_contact_field][et_pb_contact_field field_id=\u00bbTelefone\u00bb field_title=\u00bbTel\u00e9fono\u00bb fullwidth_field=\u00bbon\u00bb _builder_version=\u00bb4.27.4&#8243; _module_preset=\u00bbdefault\u00bb form_field_text_color=\u00bb#FFFFFF\u00bb form_field_focus_text_color=\u00bb#FFFFFF\u00bb global_colors_info=\u00bb{}\u00bb][\/et_pb_contact_field][et_pb_contact_field field_id=\u00bbMensagem\u00bb field_title=\u00bbMensaje\u00bb field_type=\u00bbtext\u00bb fullwidth_field=\u00bbon\u00bb _builder_version=\u00bb4.27.4&#8243; form_field_text_color=\u00bb#FFFFFF\u00bb form_field_focus_text_color=\u00bb#FFFFFF\u00bb global_colors_info=\u00bb{}\u00bb button_text_size__hover_enabled=\u00bboff\u00bb button_one_text_size__hover_enabled=\u00bboff\u00bb button_two_text_size__hover_enabled=\u00bboff\u00bb button_text_color__hover_enabled=\u00bboff\u00bb button_one_text_color__hover_enabled=\u00bboff\u00bb button_two_text_color__hover_enabled=\u00bboff\u00bb button_border_width__hover_enabled=\u00bboff\u00bb button_one_border_width__hover_enabled=\u00bboff\u00bb button_two_border_width__hover_enabled=\u00bboff\u00bb button_border_color__hover_enabled=\u00bboff\u00bb button_one_border_color__hover_enabled=\u00bboff\u00bb button_two_border_color__hover_enabled=\u00bboff\u00bb button_border_radius__hover_enabled=\u00bboff\u00bb button_one_border_radius__hover_enabled=\u00bboff\u00bb button_two_border_radius__hover_enabled=\u00bboff\u00bb button_letter_spacing__hover_enabled=\u00bboff\u00bb button_one_letter_spacing__hover_enabled=\u00bboff\u00bb button_two_letter_spacing__hover_enabled=\u00bboff\u00bb button_bg_color__hover_enabled=\u00bboff\u00bb button_one_bg_color__hover_enabled=\u00bboff\u00bb button_two_bg_color__hover_enabled=\u00bboff\u00bb][\/et_pb_contact_field][\/et_pb_contact_form][\/et_pb_column][\/et_pb_row][\/et_pb_section][et_pb_section fb_built=\u00bb1&#8243; _builder_version=\u00bb4.23.4&#8243; _module_preset=\u00bbdefault\u00bb background_color=\u00bb#f5f5f5&#8243; custom_margin=\u00bb3px|||||\u00bb custom_padding=\u00bb21px|||||\u00bb da_disable_devices=\u00bboff|off|off\u00bb global_colors_info=\u00bb{}\u00bb da_is_popup=\u00bboff\u00bb da_exit_intent=\u00bboff\u00bb da_has_close=\u00bbon\u00bb da_alt_close=\u00bboff\u00bb da_dark_close=\u00bboff\u00bb da_not_modal=\u00bbon\u00bb da_is_singular=\u00bboff\u00bb da_with_loader=\u00bboff\u00bb da_has_shadow=\u00bbon\u00bb][et_pb_row column_structure=\u00bb1_3,1_3,1_3&#8243; _builder_version=\u00bb4.23.4&#8243; _module_preset=\u00bbdefault\u00bb custom_margin=\u00bb-82px|auto||auto||\u00bb custom_padding=\u00bb0px|||||\u00bb global_colors_info=\u00bb{}\u00bb][et_pb_column type=\u00bb1_3&#8243; _builder_version=\u00bb4.23.4&#8243; _module_preset=\u00bbdefault\u00bb global_colors_info=\u00bb{}\u00bb][et_pb_blurb title=\u00bbSoporte T\u00e9cnico y Cient\u00edfico\u00bb _builder_version=\u00bb4.27.4&#8243; _module_preset=\u00bbdefault\u00bb header_text_align=\u00bbcenter\u00bb body_font=\u00bb|300|||||||\u00bb body_link_font=\u00bb||||||||\u00bb body_link_text_color=\u00bb#007aff\u00bb background_color=\u00bb#ffffff\u00bb text_orientation=\u00bbcenter\u00bb custom_padding=\u00bb62px|25px|62px|25px|true|true\u00bb border_radii=\u00bbon|36px|36px|36px|36px\u00bb global_colors_info=\u00bb{}\u00bb]<\/p>\n<p>Para dudas t\u00e9cnicas, cient\u00edficas y protocolos, acceda al sitio web del Instituto Nupen:<a href=\"\/\/www.nupen.com.br\/%20\"> <span style=\"font-weight: 400;\">\/\/www.nupen.com.br\/<\/span><\/a><\/p>\n<p><a href=\"\/\/www.nupen.com.br\/%20\"><\/a><\/p>\n<p>[\/et_pb_blurb][\/et_pb_column][et_pb_column type=\u00bb1_3&#8243; _builder_version=\u00bb4.23.4&#8243; _module_preset=\u00bbdefault\u00bb global_colors_info=\u00bb{}\u00bb][et_pb_blurb title=\u00bbAsistencia T\u00e9cnica\u00bb _builder_version=\u00bb4.27.4&#8243; _module_preset=\u00bbdefault\u00bb header_text_align=\u00bbcenter\u00bb body_font=\u00bb|300|||||||\u00bb body_link_font=\u00bb||||||||\u00bb body_link_text_color=\u00bb#007aff\u00bb background_color=\u00bb#ffffff\u00bb text_orientation=\u00bbcenter\u00bb custom_padding=\u00bb50px|23px|50px|23px|true|true\u00bb border_radii=\u00bbon|36px|36px|36px|36px\u00bb global_colors_info=\u00bb{}\u00bb]<\/p>\n<p>\u00bfNecesita alguna reparaci\u00f3n o calibraci\u00f3n en su equipo?<br \/>Acceda al sitio web de nuestro servicio t\u00e9cnico autorizado: <a href=\"https:\/\/www.dmcequipamentos.com\/rmj\">https:\/\/www.dmcequipamentos.com\/rmj<\/a><\/p>\n<p>[\/et_pb_blurb][\/et_pb_column][et_pb_column type=\u00bb1_3&#8243; _builder_version=\u00bb4.23.4&#8243; _module_preset=\u00bbdefault\u00bb global_colors_info=\u00bb{}\u00bb][et_pb_blurb title=\u00bbVentas telef\u00f3nicas\u00bb _builder_version=\u00bb4.27.4&#8243; _module_preset=\u00bbdefault\u00bb header_text_align=\u00bbcenter\u00bb body_font=\u00bb|300|||||||\u00bb background_color=\u00bb#ffffff\u00bb text_orientation=\u00bbcenter\u00bb custom_padding=\u00bb50px|23px|50px|23px|true|true\u00bb border_radii=\u00bbon|36px|36px|36px|36px\u00bb global_colors_info=\u00bb{}\u00bb]<\/p>\n<p>P\u00f3ngase en contacto con nuestro departamento de ventas telef\u00f3nicas de 8h a 17h a trav\u00e9s del tel\u00e9fono <a href=\"tel:1621072323\">(16) 2107-2323<\/a><\/p>\n<p>[\/et_pb_blurb][\/et_pb_column][\/et_pb_row][et_pb_row column_structure=\u00bb1_2,1_2&#8243; use_custom_gutter=\u00bbon\u00bb gutter_width=\u00bb4&#8243; _builder_version=\u00bb4.23.4&#8243; _module_preset=\u00bbdefault\u00bb max_width=\u00bb609px\u00bb global_colors_info=\u00bb{}\u00bb][et_pb_column type=\u00bb1_2&#8243; _builder_version=\u00bb4.23.4&#8243; _module_preset=\u00bbdefault\u00bb global_colors_info=\u00bb{}\u00bb][et_pb_blurb title=\u00bbPostventa\u00bb _builder_version=\u00bb4.27.4&#8243; _module_preset=\u00bbdefault\u00bb header_text_align=\u00bbcenter\u00bb body_font=\u00bb|300|||||||\u00bb body_link_font=\u00bb||||||||\u00bb body_link_text_color=\u00bb#007aff\u00bb background_color=\u00bb#ffffff\u00bb text_orientation=\u00bbcenter\u00bb custom_padding=\u00bb62px|25px|62px|25px|true|true\u00bb border_radii=\u00bbon|36px|36px|36px|36px\u00bb global_colors_info=\u00bb{}\u00bb]<\/p>\n<p>\u00bfTiene alguna duda, problema o reclamaci\u00f3n?<br \/>P\u00f3ngase en contacto con nosotros a trav\u00e9s de WhatsApp: <a href=\"https:\/\/wa.me\/5516999645413?text=Ol%C3%A1%2C%20gostaria%20de%20falar%20com%20o%20P%C3%B3s%20Vendas\">(16) 99964-5413<\/a><\/p>\n<p>[\/et_pb_blurb][\/et_pb_column][et_pb_column type=\u00bb1_2&#8243; _builder_version=\u00bb4.23.4&#8243; _module_preset=\u00bbdefault\u00bb global_colors_info=\u00bb{}\u00bb][et_pb_blurb title=\u00bbTrabaje con nosotros\u00bb _builder_version=\u00bb4.27.4&#8243; _module_preset=\u00bbdefault\u00bb header_text_align=\u00bbcenter\u00bb body_font=\u00bb|300|||||||\u00bb background_color=\u00bb#ffffff\u00bb text_orientation=\u00bbcenter\u00bb custom_padding=\u00bb62px|25px|62px|25px|true|true\u00bb border_radii=\u00bbon|36px|36px|36px|36px\u00bb global_colors_info=\u00bb{}\u00bb]<\/p>\n<p>Env\u00ede su curr\u00edculum a nuestro banco de talentos o consulte las vacantes disponibles: <span style=\"font-weight: 400;\">dmc@dmcgroup.com.br<\/span><\/p>\n<p>[\/et_pb_blurb][\/et_pb_column][\/et_pb_row][et_pb_row column_structure=\u00bb1_2,1_2&#8243; _builder_version=\u00bb4.23.4&#8243; _module_preset=\u00bbdefault\u00bb custom_margin=\u00bb33px|auto||auto||\u00bb custom_padding=\u00bb57px|||||\u00bb border_width_top=\u00bb1px\u00bb border_color_top=\u00bb#e8e8e8&#8243; global_colors_info=\u00bb{}\u00bb][et_pb_column type=\u00bb1_2&#8243; _builder_version=\u00bb4.23.4&#8243; _module_preset=\u00bbdefault\u00bb global_colors_info=\u00bb{}\u00bb][et_pb_tabs active_tab_background_color=\u00bbRGBA(255,255,255,0)\u00bb inactive_tab_background_color=\u00bbRGBA(255,255,255,0)\u00bb active_tab_text_color=\u00bb#230cd1&#8243; _builder_version=\u00bb4.27.4&#8243; _module_preset=\u00bbdefault\u00bb tab_text_color=\u00bb#230cd1&#8243; body_font_size=\u00bb15px\u00bb tab_font=\u00bb|||on|||||\u00bb body_link_font=\u00bb|600|||||||\u00bb body_link_text_color=\u00bb#010bbc\u00bb background_color=\u00bbRGBA(255,255,255,0)\u00bb custom_margin=\u00bb||0px|||\u00bb custom_css_main_element=\u00bbborder: 0&#8243; custom_css_tabs_controls=\u00bbborder: 0&#8243; custom_css_tab=\u00bbborder: 0&#8243; custom_css_active_tab=\u00bbborder: 0&#8243; custom_css_tabs_content=\u00bbborder: 0&#8243; border_width_all=\u00bb0px\u00bb border_color_all=\u00bb#FFFFFF\u00bb global_colors_info=\u00bb{}\u00bb][et_pb_tab title=\u00bbDMC Brasil\u00bb _builder_version=\u00bb4.27.4&#8243; _module_preset=\u00bbdefault\u00bb body_font=\u00bbWork Sans|300|||||||\u00bb tab_font_size=\u00bb20px\u00bb custom_css_main_element=\u00bbborder:  0 !important\u00bb global_colors_info=\u00bb{}\u00bb]<\/p>\n<p><strong>DMC Importa\u00e7\u00e3o e Exporta\u00e7\u00e3o de Equipamentos Ltda<\/strong><\/p>\n<p>DMC Importa\u00e7\u00e3o e Exporta\u00e7\u00e3o de Equipamentos Ltda<br \/>CNPJ: 02.827.605\/0001-86<\/p>\n<p>Rua Sebasti\u00e3o de Moraes, 831 | Parque Santa Felicia | S\u00e3o Carlos\/SP- Brasil<\/p>\n<p>CEP: <span>13562-030<\/span><\/p>\n<p>Tel\u00e9fono: <a href=\"tel:551621072323\">+55 (16) 2107-2323<\/a><\/p>\n<p>WhatsApp: <a href=\"https:\/\/web.whatsapp.com\/send?phone=5516996135436\">+55 (16) 99613-5436<\/a><\/p>\n<p>SAC: <a href=\"tel:08009428660\">0800 942 8660<\/a><\/p>\n<p><a href=\"mailto:dmc@dmcgroup.com.br\">dmc@dmcgroup.com.br<\/a><\/p>\n<p>[\/et_pb_tab][et_pb_tab title=\u00bbDMC USA  \u00bb _builder_version=\u00bb4.27.4&#8243; _module_preset=\u00bbdefault\u00bb tab_font=\u00bb|||on|||||\u00bb tab_text_color=\u00bb#000000&#8243; tab_font_size=\u00bb20px\u00bb global_colors_info=\u00bb{}\u00bb]<\/p>\n<p><strong>DMC USA<\/strong><br \/>4005 NW 114th Avenue<br \/>Unit 11<br \/>Doral, FL 33178<br \/>USA<\/p>\n<p>Phone: +1 (754) 208-2995<br \/>Cell: +1 (786) 773-8645<br \/>dmc-usa@dmcgroup.com.br<\/p>\n<p>[\/et_pb_tab][\/et_pb_tabs][et_pb_toggle title=\u00bbINSTITUTO NUPEN\u00bb open_toggle_text_color=\u00bb#000000&#8243; _builder_version=\u00bb4.27.4&#8243; _module_preset=\u00bbdefault\u00bb title_text_color=\u00bb#000000&#8243; body_font=\u00bb|300|||||||\u00bb body_link_font=\u00bb|600|||||||\u00bb body_link_text_color=\u00bb#0b23bf\u00bb hover_enabled=\u00bb0&#8243; border_width_all=\u00bb0px\u00bb border_width_bottom=\u00bb1px\u00bb global_colors_info=\u00bb{}\u00bb sticky_enabled=\u00bb0&#8243;]<\/p>\n<p><strong>N\u00facleo de Pesquisa e Ensino<\/strong><br \/>Rua Sebasti\u00e3o de Moraes, 800 | Parque Santa Fel\u00edcia | S\u00e3o Carlos\/SP<br \/>CEP 13562-030<\/p>\n<p>Tel\u00e9fono: <a href=\"tel:55162107-3201\">+55 16 2107-3201<\/a><\/p>\n<p>Whatsapp <a href=\"https:\/\/web.whatsapp.com\/send?phone=551621073201&amp;text=\">+55 16 2107-3201<\/a><\/p>\n<p><a href=\"mailto:contato@nupen.com.br\">contato@nupen.com.br<\/a><\/p>\n<p><a href=\"https:\/\/www.nupen.com.br\">www.nupen.com.br<\/a><\/p>\n<p>[\/et_pb_toggle][et_pb_toggle title=\u00bbRMJ ASSIST\u00caNCIA T\u00c9CNICA\u00bb open_toggle_text_color=\u00bb#000000&#8243; _builder_version=\u00bb4.27.4&#8243; _module_preset=\u00bbdefault\u00bb title_text_color=\u00bb#000000&#8243; body_font=\u00bb|300|||||||\u00bb body_link_font=\u00bb|600|||||||\u00bb body_link_text_color=\u00bb#0b23bf\u00bb border_width_all=\u00bb0px\u00bb border_width_bottom=\u00bb1px\u00bb global_colors_info=\u00bb{}\u00bb]<\/p>\n<p><strong>RMJ MEDICAL LTDA.<\/strong><br \/>Rua Sebasti\u00e3o de Moraes, 759 | Parque Santa Fel\u00edcia | S\u00e3o Carlos\/SP<br \/>CEP 13562-030<\/p>\n<p>Tel\u00e9fono: <a href=\"tel:551621072310\">+55 (16) 2107-2310<\/a><\/p>\n<p>Whatsapp <a href=\"https:\/\/web.whatsapp.com\/send?phone=551621072309&amp;text=\">+55 (16) 2107-2309<\/a><\/p>\n<p><a href=\"mailto:at@dmcgroup.com.br\">at@dmcgroup.com.br<\/a><\/p>\n<p><a href=\"https:\/\/www.dmcequipamentos.com\/rmj\">www.dmcequipamentos.com\/rmj<\/a><\/p>\n<p>[\/et_pb_toggle][\/et_pb_column][et_pb_column type=\u00bb1_2&#8243; _builder_version=\u00bb4.23.4&#8243; _module_preset=\u00bbdefault\u00bb global_colors_info=\u00bb{}\u00bb][et_pb_code _builder_version=\u00bb4.23.4&#8243; _module_preset=\u00bbdefault\u00bb global_colors_info=\u00bb{}\u00bb]<iframe src=\"https:\/\/www.google.com\/maps\/embed?pb=!1m18!1m12!1m3!1d1849.590644288692!2d-47.92017411117115!3d-22.004363658149117!2m3!1f0!2f0!3f0!3m2!1i1024!2i768!4f13.1!3m3!1m2!1s0x94b870af3068962d%3A0xb9e41dde83de33fb!2sDMC%20Equipamentos!5e0!3m2!1spt-BR!2sbr!4v1713730937317!5m2!1spt-BR!2sbr\" width=\"600\" height=\"450\" style=\"border:0;\" allowfullscreen=\"\" loading=\"lazy\" referrerpolicy=\"no-referrer-when-downgrade\"><\/iframe>[\/et_pb_code][\/et_pb_column][\/et_pb_row][\/et_pb_section]<\/p>\n","protected":false},"excerpt":{"rendered":"<p>\u00bfC\u00f3mo podemos ayudarle?Para dudas t\u00e9cnicas, cient\u00edficas y protocolos, acceda al sitio web del Instituto Nupen: \/\/www.nupen.com.br\/ \u00bfNecesita alguna reparaci\u00f3n o calibraci\u00f3n en su equipo?Acceda al sitio web de nuestro servicio t\u00e9cnico autorizado: https:\/\/www.dmcequipamentos.com\/rmjP\u00f3ngase en contacto con nuestro departamento de ventas telef\u00f3nicas de 8h a 17h a trav\u00e9s del tel\u00e9fono (16) 2107-2323\u00bfTiene alguna duda, problema o [&hellip;]<\/p>\n","protected":false},"author":1,"featured_media":0,"parent":0,"menu_order":0,"comment_status":"closed","ping_status":"closed","template":"","meta":{"_et_pb_use_builder":"on","_et_pb_old_content":"","_et_gb_content_width":"","inline_featured_image":false,"footnotes":""},"class_list":["post-3474","page","type-page","status-publish","hentry"],"acf":[],"_links":{"self":[{"href":"https:\/\/dmcgroup.com.br\/es\/wp-json\/wp\/v2\/pages\/3474","targetHints":{"allow":["GET"]}}],"collection":[{"href":"https:\/\/dmcgroup.com.br\/es\/wp-json\/wp\/v2\/pages"}],"about":[{"href":"https:\/\/dmcgroup.com.br\/es\/wp-json\/wp\/v2\/types\/page"}],"author":[{"embeddable":true,"href":"https:\/\/dmcgroup.com.br\/es\/wp-json\/wp\/v2\/users\/1"}],"replies":[{"embeddable":true,"href":"https:\/\/dmcgroup.com.br\/es\/wp-json\/wp\/v2\/comments?post=3474"}],"version-history":[{"count":2,"href":"https:\/\/dmcgroup.com.br\/es\/wp-json\/wp\/v2\/pages\/3474\/revisions"}],"predecessor-version":[{"id":3476,"href":"https:\/\/dmcgroup.com.br\/es\/wp-json\/wp\/v2\/pages\/3474\/revisions\/3476"}],"wp:attachment":[{"href":"https:\/\/dmcgroup.com.br\/es\/wp-json\/wp\/v2\/media?parent=3474"}],"curies":[{"name":"wp","href":"https:\/\/api.w.org\/{rel}","templated":true}]}}