{"id":3411,"date":"2024-04-21T17:23:19","date_gmt":"2024-04-21T20:23:19","guid":{"rendered":"https:\/\/dmcgroup.com.br\/contact\/"},"modified":"2026-01-27T14:50:51","modified_gmt":"2026-01-27T17:50:51","slug":"contact","status":"publish","type":"page","link":"https:\/\/dmcgroup.com.br\/en\/contact\/","title":{"rendered":"Contact"},"content":{"rendered":"<p>[et_pb_section fb_built=&#8221;1&#8243; inner_shadow=&#8221;on&#8221; _builder_version=&#8221;4.23.4&#8243; _module_preset=&#8221;default&#8221; background_enable_color=&#8221;off&#8221; use_background_color_gradient=&#8221;on&#8221; background_color_gradient_stops=&#8221;rgba(0,72,255,0.67) 0%|rgba(0,47,188,0.38) 99%&#8221; background_color_gradient_overlays_image=&#8221;on&#8221; background_image=&#8221;https:\/\/dmcgroup.com.br\/wp-content\/uploads\/2024\/04\/bg-tecnologico.png&#8221; background_position=&#8221;top_center&#8221; background_vertical_offset=&#8221;13%&#8221; custom_padding=&#8221;||104px|||&#8221; da_disable_devices=&#8221;off|off|off&#8221; global_colors_info=&#8221;{}&#8221; da_is_popup=&#8221;off&#8221; da_exit_intent=&#8221;off&#8221; da_has_close=&#8221;on&#8221; da_alt_close=&#8221;off&#8221; da_dark_close=&#8221;off&#8221; da_not_modal=&#8221;on&#8221; da_is_singular=&#8221;off&#8221; da_with_loader=&#8221;off&#8221; da_has_shadow=&#8221;on&#8221;][et_pb_row column_structure=&#8221;1_2,1_2&#8243; _builder_version=&#8221;4.23.4&#8243; _module_preset=&#8221;default&#8221; custom_margin=&#8221;175px|auto||auto||&#8221; custom_padding=&#8221;5px||15px|||&#8221; global_colors_info=&#8221;{}&#8221;][et_pb_column type=&#8221;1_2&#8243; _builder_version=&#8221;4.23.4&#8243; _module_preset=&#8221;default&#8221; global_colors_info=&#8221;{}&#8221;][et_pb_text _builder_version=&#8221;4.27.0&#8243; _module_preset=&#8221;default&#8221; header_2_font=&#8221;||||||||&#8221; header_2_text_color=&#8221;#FFFFFF&#8221; header_2_font_size=&#8221;44px&#8221; custom_margin=&#8221;83px||||false|false&#8221; global_colors_info=&#8221;{}&#8221;]<\/p>\n<h2>How can we help you?<\/h2>\n<p>[\/et_pb_text][\/et_pb_column][et_pb_column type=&#8221;1_2&#8243; _builder_version=&#8221;4.23.4&#8243; _module_preset=&#8221;default&#8221; global_colors_info=&#8221;{}&#8221;][et_pb_contact_form captcha=&#8221;off&#8221; email=&#8221;dmc@dmcgroup.com.br&#8221; title=&#8221;Contact&#8221; custom_message=&#8221;Name: %%Nome%%||et_pb_line_break_holder||E-mail: %%Email%%||et_pb_line_break_holder||Phone: %%Telefone%%||et_pb_line_break_holder||Message: %%Mensagem%%&#8221; success_message=&#8221;Thank you for your message. We will return soon &#8221; _builder_version=&#8221;4.27.4&#8243; _module_preset=&#8221;default&#8221; _unique_id=&#8221;c68a1d1f-f6fb-4eb2-a333-31215df13b42&#8243; form_field_background_color=&#8221;RGBA(255,255,255,0)&#8221; form_field_text_color=&#8221;#FFFFFF&#8221; title_text_align=&#8221;center&#8221; title_text_color=&#8221;#FFFFFF&#8221; background_color=&#8221;rgba(0,57,112,0.87)&#8221; custom_button=&#8221;on&#8221; button_text_size=&#8221;19px&#8221; button_text_color=&#8221;#FFFFFF&#8221; button_bg_color=&#8221;#243dff&#8221; button_border_width=&#8221;0px&#8221; button_border_radius=&#8221;24px&#8221; button_on_hover=&#8221;off&#8221; max_width=&#8221;400px&#8221; module_alignment=&#8221;center&#8221; custom_margin=&#8221;||||false&#8221; custom_padding=&#8221;21px|27px|21px|27px|true|true&#8221; custom_css_main_element=&#8221;border: 1px solid white;||border-radius: 10px&#8221; custom_css_contact_button=&#8221;width: 100% !important;&#8221; custom_css_contact_fields=&#8221;border: 1px solid white !important&#8221; custom_css_text_field=&#8221;border: 1px solid white !important&#8221; border_radii=&#8221;on|24px|24px|24px|24px&#8221; global_colors_info=&#8221;{}&#8221;][et_pb_contact_field field_id=&#8221;Nome&#8221; field_title=&#8221;Name&#8221; fullwidth_field=&#8221;on&#8221; _builder_version=&#8221;4.27.4&#8243; form_field_text_color=&#8221;#FFFFFF&#8221; form_field_focus_text_color=&#8221;#FFFFFF&#8221; global_colors_info=&#8221;{}&#8221; button_text_size__hover_enabled=&#8221;off&#8221; button_one_text_size__hover_enabled=&#8221;off&#8221; button_two_text_size__hover_enabled=&#8221;off&#8221; button_text_color__hover_enabled=&#8221;off&#8221; button_one_text_color__hover_enabled=&#8221;off&#8221; button_two_text_color__hover_enabled=&#8221;off&#8221; button_border_width__hover_enabled=&#8221;off&#8221; button_one_border_width__hover_enabled=&#8221;off&#8221; button_two_border_width__hover_enabled=&#8221;off&#8221; button_border_color__hover_enabled=&#8221;off&#8221; button_one_border_color__hover_enabled=&#8221;off&#8221; button_two_border_color__hover_enabled=&#8221;off&#8221; button_border_radius__hover_enabled=&#8221;off&#8221; button_one_border_radius__hover_enabled=&#8221;off&#8221; button_two_border_radius__hover_enabled=&#8221;off&#8221; button_letter_spacing__hover_enabled=&#8221;off&#8221; button_one_letter_spacing__hover_enabled=&#8221;off&#8221; button_two_letter_spacing__hover_enabled=&#8221;off&#8221; button_bg_color__hover_enabled=&#8221;off&#8221; button_one_bg_color__hover_enabled=&#8221;off&#8221; button_two_bg_color__hover_enabled=&#8221;off&#8221;][\/et_pb_contact_field][et_pb_contact_field field_id=&#8221;Email&#8221; field_title=&#8221;E-mail&#8221; field_type=&#8221;email&#8221; fullwidth_field=&#8221;on&#8221; _builder_version=&#8221;4.27.4&#8243; form_field_text_color=&#8221;#FFFFFF&#8221; form_field_focus_text_color=&#8221;#FFFFFF&#8221; global_colors_info=&#8221;{}&#8221; button_text_size__hover_enabled=&#8221;off&#8221; button_one_text_size__hover_enabled=&#8221;off&#8221; button_two_text_size__hover_enabled=&#8221;off&#8221; button_text_color__hover_enabled=&#8221;off&#8221; button_one_text_color__hover_enabled=&#8221;off&#8221; button_two_text_color__hover_enabled=&#8221;off&#8221; button_border_width__hover_enabled=&#8221;off&#8221; button_one_border_width__hover_enabled=&#8221;off&#8221; button_two_border_width__hover_enabled=&#8221;off&#8221; button_border_color__hover_enabled=&#8221;off&#8221; button_one_border_color__hover_enabled=&#8221;off&#8221; button_two_border_color__hover_enabled=&#8221;off&#8221; button_border_radius__hover_enabled=&#8221;off&#8221; button_one_border_radius__hover_enabled=&#8221;off&#8221; button_two_border_radius__hover_enabled=&#8221;off&#8221; button_letter_spacing__hover_enabled=&#8221;off&#8221; button_one_letter_spacing__hover_enabled=&#8221;off&#8221; button_two_letter_spacing__hover_enabled=&#8221;off&#8221; button_bg_color__hover_enabled=&#8221;off&#8221; button_one_bg_color__hover_enabled=&#8221;off&#8221; button_two_bg_color__hover_enabled=&#8221;off&#8221;][\/et_pb_contact_field][et_pb_contact_field field_id=&#8221;Telefone&#8221; field_title=&#8221;Phone&#8221; fullwidth_field=&#8221;on&#8221; _builder_version=&#8221;4.27.4&#8243; _module_preset=&#8221;default&#8221; form_field_text_color=&#8221;#FFFFFF&#8221; form_field_focus_text_color=&#8221;#FFFFFF&#8221; global_colors_info=&#8221;{}&#8221;][\/et_pb_contact_field][et_pb_contact_field field_id=&#8221;Mensagem&#8221; field_title=&#8221;Message&#8221; field_type=&#8221;text&#8221; fullwidth_field=&#8221;on&#8221; _builder_version=&#8221;4.27.4&#8243; form_field_text_color=&#8221;#FFFFFF&#8221; form_field_focus_text_color=&#8221;#FFFFFF&#8221; global_colors_info=&#8221;{}&#8221; button_text_size__hover_enabled=&#8221;off&#8221; button_one_text_size__hover_enabled=&#8221;off&#8221; button_two_text_size__hover_enabled=&#8221;off&#8221; button_text_color__hover_enabled=&#8221;off&#8221; button_one_text_color__hover_enabled=&#8221;off&#8221; button_two_text_color__hover_enabled=&#8221;off&#8221; button_border_width__hover_enabled=&#8221;off&#8221; button_one_border_width__hover_enabled=&#8221;off&#8221; button_two_border_width__hover_enabled=&#8221;off&#8221; button_border_color__hover_enabled=&#8221;off&#8221; button_one_border_color__hover_enabled=&#8221;off&#8221; button_two_border_color__hover_enabled=&#8221;off&#8221; button_border_radius__hover_enabled=&#8221;off&#8221; button_one_border_radius__hover_enabled=&#8221;off&#8221; button_two_border_radius__hover_enabled=&#8221;off&#8221; button_letter_spacing__hover_enabled=&#8221;off&#8221; button_one_letter_spacing__hover_enabled=&#8221;off&#8221; button_two_letter_spacing__hover_enabled=&#8221;off&#8221; button_bg_color__hover_enabled=&#8221;off&#8221; button_one_bg_color__hover_enabled=&#8221;off&#8221; button_two_bg_color__hover_enabled=&#8221;off&#8221;][\/et_pb_contact_field][\/et_pb_contact_form][\/et_pb_column][\/et_pb_row][\/et_pb_section][et_pb_section fb_built=&#8221;1&#8243; _builder_version=&#8221;4.23.4&#8243; _module_preset=&#8221;default&#8221; background_color=&#8221;#f5f5f5&#8243; custom_margin=&#8221;3px|||||&#8221; custom_padding=&#8221;21px|||||&#8221; da_disable_devices=&#8221;off|off|off&#8221; global_colors_info=&#8221;{}&#8221; da_is_popup=&#8221;off&#8221; da_exit_intent=&#8221;off&#8221; da_has_close=&#8221;on&#8221; da_alt_close=&#8221;off&#8221; da_dark_close=&#8221;off&#8221; da_not_modal=&#8221;on&#8221; da_is_singular=&#8221;off&#8221; da_with_loader=&#8221;off&#8221; da_has_shadow=&#8221;on&#8221;][et_pb_row column_structure=&#8221;1_3,1_3,1_3&#8243; _builder_version=&#8221;4.23.4&#8243; _module_preset=&#8221;default&#8221; custom_margin=&#8221;-82px|auto||auto||&#8221; custom_padding=&#8221;0px|||||&#8221; global_colors_info=&#8221;{}&#8221;][et_pb_column type=&#8221;1_3&#8243; _builder_version=&#8221;4.23.4&#8243; _module_preset=&#8221;default&#8221; global_colors_info=&#8221;{}&#8221;][et_pb_blurb title=&#8221;Technical and Scientific Support&#8221; _builder_version=&#8221;4.27.4&#8243; _module_preset=&#8221;default&#8221; header_text_align=&#8221;center&#8221; body_font=&#8221;|300|||||||&#8221; body_link_font=&#8221;||||||||&#8221; body_link_text_color=&#8221;#007aff&#8221; background_color=&#8221;#ffffff&#8221; text_orientation=&#8221;center&#8221; custom_padding=&#8221;62px|25px|62px|25px|true|true&#8221; border_radii=&#8221;on|36px|36px|36px|36px&#8221; global_colors_info=&#8221;{}&#8221;]<\/p>\n<p>For technical, scientific and protocol questions, please visit the Nupen Institute website:<a href=\"\/\/www.nupen.com.br\/%20\"> <span style=\"font-weight: 400;\">\/\/www.nupen.com.br\/<\/span><\/a><\/p>\n<p><a href=\"\/\/www.nupen.com.br\/%20\"><\/a><\/p>\n<p>[\/et_pb_blurb][\/et_pb_column][et_pb_column type=&#8221;1_3&#8243; _builder_version=&#8221;4.23.4&#8243; _module_preset=&#8221;default&#8221; global_colors_info=&#8221;{}&#8221;][et_pb_blurb title=&#8221;Technical Assistance&#8221; _builder_version=&#8221;4.27.4&#8243; _module_preset=&#8221;default&#8221; header_text_align=&#8221;center&#8221; body_font=&#8221;|300|||||||&#8221; body_link_font=&#8221;||||||||&#8221; body_link_text_color=&#8221;#007aff&#8221; background_color=&#8221;#ffffff&#8221; text_orientation=&#8221;center&#8221; custom_padding=&#8221;50px|23px|50px|23px|true|true&#8221; border_radii=&#8221;on|36px|36px|36px|36px&#8221; global_colors_info=&#8221;{}&#8221;]<\/p>\n<p>Need a repair or calibration on your equipment?<br \/>Visit the website of our authorized technical assistance: <a href=\"https:\/\/www.dmcequipamentos.com\/rmj\">https:\/\/www.dmcequipamentos.com\/rmj<\/a><\/p>\n<p>[\/et_pb_blurb][\/et_pb_column][et_pb_column type=&#8221;1_3&#8243; _builder_version=&#8221;4.23.4&#8243; _module_preset=&#8221;default&#8221; global_colors_info=&#8221;{}&#8221;][et_pb_blurb title=&#8221;Telesales&#8221; _builder_version=&#8221;4.27.4&#8243; _module_preset=&#8221;default&#8221; header_text_align=&#8221;center&#8221; body_font=&#8221;|300|||||||&#8221; background_color=&#8221;#ffffff&#8221; text_orientation=&#8221;center&#8221; custom_padding=&#8221;50px|23px|50px|23px|true|true&#8221; border_radii=&#8221;on|36px|36px|36px|36px&#8221; global_colors_info=&#8221;{}&#8221;]<\/p>\n<p>Contact our telesales team from 8 am to 5 pm by calling <a href=\"tel:1621072323\">(16) 2107-2323<\/a><\/p>\n<p>[\/et_pb_blurb][\/et_pb_column][\/et_pb_row][et_pb_row column_structure=&#8221;1_2,1_2&#8243; use_custom_gutter=&#8221;on&#8221; gutter_width=&#8221;4&#8243; _builder_version=&#8221;4.23.4&#8243; _module_preset=&#8221;default&#8221; max_width=&#8221;609px&#8221; global_colors_info=&#8221;{}&#8221;][et_pb_column type=&#8221;1_2&#8243; _builder_version=&#8221;4.23.4&#8243; _module_preset=&#8221;default&#8221; global_colors_info=&#8221;{}&#8221;][et_pb_blurb title=&#8221;After-Sales&#8221; _builder_version=&#8221;4.27.4&#8243; _module_preset=&#8221;default&#8221; header_text_align=&#8221;center&#8221; body_font=&#8221;|300|||||||&#8221; body_link_font=&#8221;||||||||&#8221; body_link_text_color=&#8221;#007aff&#8221; background_color=&#8221;#ffffff&#8221; text_orientation=&#8221;center&#8221; custom_padding=&#8221;62px|25px|62px|25px|true|true&#8221; border_radii=&#8221;on|36px|36px|36px|36px&#8221; global_colors_info=&#8221;{}&#8221;]<\/p>\n<p>Question, problem or complaint?<br \/>Contact us via WhatsApp: <a href=\"https:\/\/wa.me\/5516999645413?text=Ol%C3%A1%2C%20gostaria%20de%20falar%20com%20o%20P%C3%B3s%20Vendas\">(16) 99964-5413<\/a><\/p>\n<p>[\/et_pb_blurb][\/et_pb_column][et_pb_column type=&#8221;1_2&#8243; _builder_version=&#8221;4.23.4&#8243; _module_preset=&#8221;default&#8221; global_colors_info=&#8221;{}&#8221;][et_pb_blurb title=&#8221;Work With Us&#8221; _builder_version=&#8221;4.27.4&#8243; _module_preset=&#8221;default&#8221; header_text_align=&#8221;center&#8221; body_font=&#8221;|300|||||||&#8221; background_color=&#8221;#ffffff&#8221; text_orientation=&#8221;center&#8221; custom_padding=&#8221;62px|25px|62px|25px|true|true&#8221; border_radii=&#8221;on|36px|36px|36px|36px&#8221; global_colors_info=&#8221;{}&#8221;]<\/p>\n<p>Send your resume to our talent pool or see the open positions: <span style=\"font-weight: 400;\">dmc@dmcgroup.com.br<\/span><\/p>\n<p>[\/et_pb_blurb][\/et_pb_column][\/et_pb_row][et_pb_row column_structure=&#8221;1_2,1_2&#8243; _builder_version=&#8221;4.23.4&#8243; _module_preset=&#8221;default&#8221; custom_margin=&#8221;33px|auto||auto||&#8221; custom_padding=&#8221;57px|||||&#8221; border_width_top=&#8221;1px&#8221; border_color_top=&#8221;#e8e8e8&#8243; global_colors_info=&#8221;{}&#8221;][et_pb_column type=&#8221;1_2&#8243; _builder_version=&#8221;4.23.4&#8243; _module_preset=&#8221;default&#8221; global_colors_info=&#8221;{}&#8221;][et_pb_tabs active_tab_background_color=&#8221;RGBA(255,255,255,0)&#8221; inactive_tab_background_color=&#8221;RGBA(255,255,255,0)&#8221; active_tab_text_color=&#8221;#230cd1&#8243; _builder_version=&#8221;4.27.4&#8243; _module_preset=&#8221;default&#8221; tab_text_color=&#8221;#230cd1&#8243; body_font_size=&#8221;15px&#8221; tab_font=&#8221;|||on|||||&#8221; body_link_font=&#8221;|600|||||||&#8221; body_link_text_color=&#8221;#010bbc&#8221; background_color=&#8221;RGBA(255,255,255,0)&#8221; custom_margin=&#8221;||0px|||&#8221; custom_css_main_element=&#8221;border: 0&#8243; custom_css_tabs_controls=&#8221;border: 0&#8243; custom_css_tab=&#8221;border: 0&#8243; custom_css_active_tab=&#8221;border: 0&#8243; custom_css_tabs_content=&#8221;border: 0&#8243; border_width_all=&#8221;0px&#8221; border_color_all=&#8221;#FFFFFF&#8221; global_colors_info=&#8221;{}&#8221;][et_pb_tab title=&#8221;DMC Brasil&#8221; _builder_version=&#8221;4.27.4&#8243; _module_preset=&#8221;default&#8221; body_font=&#8221;Work Sans|300|||||||&#8221; tab_font_size=&#8221;20px&#8221; custom_css_main_element=&#8221;border:  0 !important&#8221; global_colors_info=&#8221;{}&#8221;]<\/p>\n<p><strong>DMC Importa\u00e7\u00e3o e Exporta\u00e7\u00e3o de Equipamentos Ltda<\/strong><\/p>\n<p>DMC Importa\u00e7\u00e3o e Exporta\u00e7\u00e3o de Equipamentos Ltda<br \/>CNPJ: 02.827.605\/0001-86<\/p>\n<p>Rua Sebasti\u00e3o de Moraes, 831 | Parque Santa Felicia | S\u00e3o Carlos\/SP- Brasil<\/p>\n<p>CEP: <span>13562-030<\/span><\/p>\n<p>Phone: <a href=\"tel:551621072323\">+55 (16) 2107-2323<\/a><\/p>\n<p>WhatsApp: <a href=\"https:\/\/web.whatsapp.com\/send?phone=5516996135436\">+55 (16) 99613-5436<\/a><\/p>\n<p>SAC: <a href=\"tel:08009428660\">0800 942 8660<\/a><\/p>\n<p><a href=\"mailto:dmc@dmcgroup.com.br\">dmc@dmcgroup.com.br<\/a><\/p>\n<p>[\/et_pb_tab][et_pb_tab title=&#8221;DMC USA  &#8221; _builder_version=&#8221;4.27.4&#8243; _module_preset=&#8221;default&#8221; tab_font=&#8221;|||on|||||&#8221; tab_text_color=&#8221;#000000&#8243; tab_font_size=&#8221;20px&#8221; global_colors_info=&#8221;{}&#8221;]<\/p>\n<p><strong>DMC USA<\/strong><br \/>4005 NW 114th Avenue<br \/>Unit 11<br \/>Doral, FL 33178<br \/>USA<\/p>\n<p>Phone: +1 (754) 208-2995<br \/>Cell: +1 (786) 773-8645<br \/>dmc-usa@dmcgroup.com.br<\/p>\n<p>[\/et_pb_tab][\/et_pb_tabs][et_pb_toggle title=&#8221;NUPEN INSTITUTE&#8221; open_toggle_text_color=&#8221;#000000&#8243; _builder_version=&#8221;4.27.4&#8243; _module_preset=&#8221;default&#8221; title_text_color=&#8221;#000000&#8243; body_font=&#8221;|300|||||||&#8221; body_link_font=&#8221;|600|||||||&#8221; body_link_text_color=&#8221;#0b23bf&#8221; hover_enabled=&#8221;0&#8243; border_width_all=&#8221;0px&#8221; border_width_bottom=&#8221;1px&#8221; global_colors_info=&#8221;{}&#8221; sticky_enabled=&#8221;0&#8243;]<\/p>\n<p><strong>Research and Teaching Center<\/strong><br \/>Rua Sebasti\u00e3o de Moraes, 800 | Parque Santa Fel\u00edcia | S\u00e3o Carlos\/SP<br \/>CEP 13562-030<\/p>\n<p>Phone: <a href=\"tel:55162107-3201\">+55 16 2107-3201<\/a><\/p>\n<p>Whatsapp <a href=\"https:\/\/web.whatsapp.com\/send?phone=551621073201&amp;text=\">+55 16 2107-3201<\/a><\/p>\n<p><a href=\"mailto:contato@nupen.com.br\">contato@nupen.com.br<\/a><\/p>\n<p><a href=\"https:\/\/www.nupen.com.br\">www.nupen.com.br<\/a><\/p>\n<p>[\/et_pb_toggle][et_pb_toggle title=&#8221;RMJ TECHNICAL ASSISTANCE&#8221; open_toggle_text_color=&#8221;#000000&#8243; _builder_version=&#8221;4.27.4&#8243; _module_preset=&#8221;default&#8221; title_text_color=&#8221;#000000&#8243; body_font=&#8221;|300|||||||&#8221; body_link_font=&#8221;|600|||||||&#8221; body_link_text_color=&#8221;#0b23bf&#8221; border_width_all=&#8221;0px&#8221; border_width_bottom=&#8221;1px&#8221; global_colors_info=&#8221;{}&#8221;]<\/p>\n<p><strong>RMJ MEDICAL LTDA.<\/strong><br \/>Rua Sebasti\u00e3o de Moraes, 759 | Parque Santa Fel\u00edcia | S\u00e3o Carlos\/SP<br \/>CEP 13562-030<\/p>\n<p>Phone: <a href=\"tel:551621072310\">+55 (16) 2107-2310<\/a><\/p>\n<p>Whatsapp <a href=\"https:\/\/web.whatsapp.com\/send?phone=551621072309&amp;text=\">+55 (16) 2107-2309<\/a><\/p>\n<p><a href=\"mailto:at@dmcgroup.com.br\">at@dmcgroup.com.br<\/a><\/p>\n<p><a href=\"https:\/\/www.dmcequipamentos.com\/rmj\">www.dmcequipamentos.com\/rmj<\/a><\/p>\n<p>[\/et_pb_toggle][\/et_pb_column][et_pb_column type=&#8221;1_2&#8243; _builder_version=&#8221;4.23.4&#8243; _module_preset=&#8221;default&#8221; global_colors_info=&#8221;{}&#8221;][et_pb_code _builder_version=&#8221;4.23.4&#8243; _module_preset=&#8221;default&#8221; global_colors_info=&#8221;{}&#8221;]<iframe src=\"https:\/\/www.google.com\/maps\/embed?pb=!1m18!1m12!1m3!1d1849.590644288692!2d-47.92017411117115!3d-22.004363658149117!2m3!1f0!2f0!3f0!3m2!1i1024!2i768!4f13.1!3m3!1m2!1s0x94b870af3068962d%3A0xb9e41dde83de33fb!2sDMC%20Equipamentos!5e0!3m2!1spt-BR!2sbr!4v1713730937317!5m2!1spt-BR!2sbr\" width=\"600\" height=\"450\" style=\"border:0;\" allowfullscreen=\"\" loading=\"lazy\" referrerpolicy=\"no-referrer-when-downgrade\"><\/iframe>[\/et_pb_code][\/et_pb_column][\/et_pb_row][\/et_pb_section]<\/p>\n","protected":false},"excerpt":{"rendered":"<p>How can we help you?For technical, scientific and protocol questions, please visit the Nupen Institute website: \/\/www.nupen.com.br\/ Need a repair or calibration on your equipment?Visit the website of our authorized technical assistance: https:\/\/www.dmcequipamentos.com\/rmjContact our telesales team from 8 am to 5 pm by calling (16) 2107-2323Question, problem or complaint?Contact us via WhatsApp: (16) 99964-5413Send your [&hellip;]<\/p>\n","protected":false},"author":1,"featured_media":0,"parent":0,"menu_order":0,"comment_status":"closed","ping_status":"closed","template":"","meta":{"_et_pb_use_builder":"on","_et_pb_old_content":"","_et_gb_content_width":"","inline_featured_image":false,"footnotes":""},"class_list":["post-3411","page","type-page","status-publish","hentry"],"acf":[],"_links":{"self":[{"href":"https:\/\/dmcgroup.com.br\/en\/wp-json\/wp\/v2\/pages\/3411","targetHints":{"allow":["GET"]}}],"collection":[{"href":"https:\/\/dmcgroup.com.br\/en\/wp-json\/wp\/v2\/pages"}],"about":[{"href":"https:\/\/dmcgroup.com.br\/en\/wp-json\/wp\/v2\/types\/page"}],"author":[{"embeddable":true,"href":"https:\/\/dmcgroup.com.br\/en\/wp-json\/wp\/v2\/users\/1"}],"replies":[{"embeddable":true,"href":"https:\/\/dmcgroup.com.br\/en\/wp-json\/wp\/v2\/comments?post=3411"}],"version-history":[{"count":2,"href":"https:\/\/dmcgroup.com.br\/en\/wp-json\/wp\/v2\/pages\/3411\/revisions"}],"predecessor-version":[{"id":3413,"href":"https:\/\/dmcgroup.com.br\/en\/wp-json\/wp\/v2\/pages\/3411\/revisions\/3413"}],"wp:attachment":[{"href":"https:\/\/dmcgroup.com.br\/en\/wp-json\/wp\/v2\/media?parent=3411"}],"curies":[{"name":"wp","href":"https:\/\/api.w.org\/{rel}","templated":true}]}}